{"id":606,"date":"2020-06-26T15:09:55","date_gmt":"2020-06-26T15:09:55","guid":{"rendered":"http:\/\/michael-besser.com\/?page_id=606"},"modified":"2026-03-09T09:22:16","modified_gmt":"2026-03-09T09:22:16","slug":"impressum-datenschutz","status":"publish","type":"page","link":"https:\/\/michael-besser.com\/en\/impressum-datenschutz\/","title":{"rendered":"Impressum | Datenschutz"},"content":{"rendered":"<p>Angaben gem\u00e4\u00df \u00a7 5 TMG<br \/>\n(no English version)<\/p>\n<hr \/>\n<p><strong>VERANTWORTLICH F\u00dcR DEN INHALT<\/strong><br \/>\nnach \u00a7 55 Abs. 2 RStV<\/p>\n<p>Prof. Dr. Michael Besser<br \/>\nLeuphana Universit\u00e4t L\u00fcneburg<br \/>\nFakult\u00e4t Bildung<br \/>\nInstitut f\u00fcr Mathematik und ihre Didaktik<br \/>\nUniversit\u00e4tsallee 1<br \/>\n21335 L\u00fcneburg<br \/>\n+49 4131 677 2095<br \/>\nmichael.besser (at) leuphana.de<\/p>\n<hr \/>\n<p><strong>HAFTUNGSAUSSCHLUSS<\/strong><\/p>\n<p>Haftung f\u00fcr Inhalte<\/p>\n<p>Die Inhalte meiner Seiten wurden mit gr\u00f6\u00dfter Sorgfalt erstellt. F\u00fcr die Richtigkeit, Vollst\u00e4ndigkeit und Aktualit\u00e4t der Inhalte kann ich jedoch keine Gew\u00e4hr \u00fcbernehmen. Als Diensteanbieter bin ich gem\u00e4\u00df \u00a7 7 Abs.1 TMG f\u00fcr eigene Inhalte auf diesen Seiten nach den allgemeinen Gesetzen verantwortlich. Nach \u00a7\u00a7 8 bis 10 TMG bin ich als Diensteanbieter jedoch nicht verpflichtet, \u00fcbermittelte oder gespeicherte fremde Informationen zu \u00fcberwachen oder nach Umst\u00e4nden zu forschen, die auf eine rechtswidrige T\u00e4tigkeit hinweisen. Verpflichtungen zur Entfernung oder Sperrung der Nutzung von Informationen nach den allgemeinen Gesetzen bleiben hiervon unber\u00fchrt. Eine diesbez\u00fcgliche Haftung ist jedoch erst ab dem Zeitpunkt der Kenntnis einer konkreten Rechtsverletzung m\u00f6glich. Bei Bekanntwerden von entsprechenden Rechtsverletzungen werde ich diese Inhalte umgehend entfernen.<\/p>\n<p>Haftung f\u00fcr Links<\/p>\n<p>Mein Angebot enth\u00e4lt Links zu externen Webseiten Dritter, auf deren Inhalte ich keinen Einfluss habe. Deshalb kann ich f\u00fcr diese fremden Inhalte auch keine Gew\u00e4hr \u00fcbernehmen. F\u00fcr die Inhalte der verlinkten Seiten ist stets der jeweilige Anbieter oder Betreiber der Seiten verantwortlich. Die verlinkten Seiten wurden zum Zeitpunkt der Verlinkung auf m\u00f6gliche Rechtsverst\u00f6\u00dfe \u00fcberpr\u00fcft. Rechtswidrige Inhalte waren zum Zeitpunkt der Verlinkung nicht erkennbar. Eine permanente inhaltliche Kontrolle der verlinkten Seiten ist jedoch ohne konkrete Anhaltspunkte einer Rechtsverletzung nicht zumutbar. Bei Bekanntwerden von Rechtsverletzungen werde ich derartige Links umgehend entfernen.<\/p>\n<p>Urheberrecht<\/p>\n<p>Die durch die Seitenbetreiber erstellten Inhalte und Werke auf diesen Seiten unterliegen dem deutschen Urheberrecht. Die Vervielf\u00e4ltigung, Bearbeitung, Verbreitung und jede Art der Verwertung au\u00dferhalb der Grenzen des Urheberrechtes bed\u00fcrfen der schriftlichen Zustimmung des jeweiligen Autors bzw. Erstellers. Downloads und Kopien dieser Seite sind nur f\u00fcr den privaten, nicht kommerziellen Gebrauch gestattet. Soweit die Inhalte auf dieser Seite nicht vom Betreiber erstellt wurden, werden die Urheberrechte Dritter beachtet. Insbesondere werden Inhalte Dritter als solche gekennzeichnet. Sollten Sie trotzdem auf eine Urheberrechtsverletzung aufmerksam werden, bitte ich um einen entsprechenden Hinweis. Bei Bekanntwerden von Rechtsverletzungen werde ich derartige Inhalte umgehend entfernen.<\/p>\n<p>Datenschutz<\/p>\n<p>Die Nutzung meiner Webseite ist in der Regel ohne Angabe personenbezogener Daten m\u00f6glich. Soweit auf meinen Seiten personenbezogene Daten (beispielsweise Name, Anschrift oder eMail-Adressen) erhoben werden, erfolgt dies, soweit m\u00f6glich, stets auf freiwilliger Basis. Diese Daten werden ohne Ihre ausdr\u00fcckliche Zustimmung nicht an Dritte weitergegeben. Ich weise darauf hin, dass die Daten\u00fcbertragung im Internet (z.B. bei der Kommunikation per E-Mail) Sicherheitsl\u00fccken aufweisen kann. Ein l\u00fcckenloser Schutz der Daten vor dem Zugriff durch Dritte ist nicht m\u00f6glich. Der Nutzung von im Rahmen der Impressumspflicht ver\u00f6ffentlichten Kontaktdaten durch Dritte zur \u00dcbersendung von nicht ausdr\u00fccklich angeforderter Werbung und Informationsmaterialien wird hiermit ausdr\u00fccklich widersprochen. Ich behalte mir ausdr\u00fccklich rechtliche Schritte im Falle der unverlangten Zusendung von Werbeinformationen, etwa durch Spam-Mails, vor.<\/p>\n<hr \/>\n<p>Copyright Portrait-Foto (<a href=\"https:\/\/michael-besser.com\/\">Home<\/a>): rbbm\/Leuphana<\/p>","protected":false},"excerpt":{"rendered":"<p>Angaben gem\u00e4\u00df \u00a7 5 TMG (no English version) VERANTWORTLICH F\u00dcR DEN INHALT nach \u00a7 55 Abs. 2 RStV Prof. Dr. Michael Besser Leuphana Universit\u00e4t L\u00fcneburg Fakult\u00e4t Bildung Institut f\u00fcr Mathematik und ihre Didaktik Universit\u00e4tsallee 1 21335 L\u00fcneburg +49 4131 677 2095 michael.besser (at) leuphana.de HAFTUNGSAUSSCHLUSS Haftung f\u00fcr Inhalte Die Inhalte meiner Seiten wurden mit gr\u00f6\u00dfter [&hellip;]<\/p>\n","protected":false},"author":1,"featured_media":0,"parent":0,"menu_order":0,"comment_status":"closed","ping_status":"closed","template":"","meta":{"footnotes":""},"class_list":["post-606","page","type-page","status-publish","hentry"],"_links":{"self":[{"href":"https:\/\/michael-besser.com\/en\/wp-json\/wp\/v2\/pages\/606","targetHints":{"allow":["GET"]}}],"collection":[{"href":"https:\/\/michael-besser.com\/en\/wp-json\/wp\/v2\/pages"}],"about":[{"href":"https:\/\/michael-besser.com\/en\/wp-json\/wp\/v2\/types\/page"}],"author":[{"embeddable":true,"href":"https:\/\/michael-besser.com\/en\/wp-json\/wp\/v2\/users\/1"}],"replies":[{"embeddable":true,"href":"https:\/\/michael-besser.com\/en\/wp-json\/wp\/v2\/comments?post=606"}],"version-history":[{"count":12,"href":"https:\/\/michael-besser.com\/en\/wp-json\/wp\/v2\/pages\/606\/revisions"}],"predecessor-version":[{"id":1377,"href":"https:\/\/michael-besser.com\/en\/wp-json\/wp\/v2\/pages\/606\/revisions\/1377"}],"wp:attachment":[{"href":"https:\/\/michael-besser.com\/en\/wp-json\/wp\/v2\/media?parent=606"}],"curies":[{"name":"wp","href":"https:\/\/api.w.org\/{rel}","templated":true}]}}