{"id":21,"date":"2018-01-05T12:54:07","date_gmt":"2018-01-05T12:54:07","guid":{"rendered":"http:\/\/michael-besser.com\/?page_id=21"},"modified":"2026-02-17T05:56:00","modified_gmt":"2026-02-17T05:56:00","slug":"wissenschaftliche-taetigkeiten","status":"publish","type":"page","link":"https:\/\/michael-besser.com\/en\/zur-person\/wissenschaftliche-taetigkeiten\/","title":{"rendered":"Scientific Work"},"content":{"rendered":"<p><strong>CURRENT PROJECTS<\/strong><br \/>\n*<em>BNEProMa (2026-2028).<\/em> Principal researcher within the research project BNEProMa: <em>BNE-Professionalisierung im Fach Mathematik<\/em> [ESD professionalization in mathematics] (in cooperation witht Prof. Dr. D. Fischer, Ass.-Prof. Dr. R. G\u00f6ller, Prof. Dr. M. Hagena, Prof. Dr. K. Padberg-Gehle, D. Schl\u00fcter). Funded by the Stiftung Innovation in der Hochschule. <\/p>\n<p>*<em>LERN-IF (2021-2026).<\/em> Principal researcher within the research project LERN_IF: <em>Lernprozessbegleitende Diagnostik und lernf\u00f6rderliche Leistungsr\u00fcckmeldung im inklusiven Fachunterricht<\/em> [Diagnostics to accompany the learning process and feedback to promote learning in inclusive subject instruction] (in cooperation with Prof. Dr. T. Ehmke, Prof. Dr. D. Leiss, Prof. Dr. P. Kuhl). Funded by the Bundesministerium fu\u0308r Bildung und Forschung within the funding measure <em>F\u00f6rderbezogene Diagnostik in der inkluisven Bildung (InkBi 2)<\/em> as part of the program <em>Empirische Bildungsforschung<\/em>.<\/p>\n<p><em>MATRIX (2023-2026).<\/em> Scientific member of the advisory board of the research and development project MATRIX: <em>Math Trails with an Inclusive Perspective on Students Experiences.<\/em> Funded by Erasmus+. Project coordination: Prof. Dr. M. Ludwig.<\/p>\n<p>*<em>STULPE (2020-2027).<\/em> Principal researcher within the research project STULPE: <em>Studienplatzvergabe an der Leuphana Universit\u00e4t Lu\u0308neburg<\/em> [Allocation of study places at the Leuphana University of Lueneburg] in cooperation with Prof. Dr. T. Ehmke, Prof. Dr. P. Kuhl, Prof. Dr. D. Leiss). Funded by the Leuphana University of Lueneburg as part of the selection procedure for applicants for a study place.<\/p>\n<hr \/>\n<p><strong>FORMER PROJECTS (DFG)<\/strong><br \/>\n<em>COACTIV.<\/em> Research assistant within the research project COACTIV: <em>Professional competence of teachers, cognitively activating instruction, and development of students\u2019 mathematical literacy<\/em> (Prof. Dr Dr h. c. J. Baumert, Prof. Dr W. Blum, Prof. Dr J. Neubrand).<\/p>\n<p><em>COACTIV-R.<\/em> Research assistant within the research project COACTIV-R: <em>A study on teacher candidates\u2019 acquisition of professional competence during teaching practice<\/em> (Prof. Dr Dr h. c. J\u00fcrgen Baumert, Prof. Dr Yvonne Anders, Prof. Dr M. Kunter).<\/p>\n<p><em>Co\u00b2CA.<\/em> Research assistant within the research project Co\u00b2CA: <em>Conditions and consequences of classrooom assessment<\/em> (Prof. Dr E. Klieme, Dr K. Rakoczy, Prof. Dr W. Blum, Prof. Dr D. Leiss).<\/p>\n<p><em>DISUM.<\/em> Research assistant within the research project DISUM: <em>Didaktische Interventionsformen f\u00fcr einen selbst\u00e4ndigkeitsorientierten aufgabengesteuerten Unterricht am Beispiel Mathematik<\/em> (Prof. Dr W. Blum, Prof. Dr R. Messner, Prof. Dr R. Pekrun).<\/p>\n<hr \/>\n<p><strong>FORMER PROJECTS (OTHERS)<\/strong><br \/>\n*<em>CODIP (2020-2023).<\/em> Principal researcher within the research project CODIP: <em>Competences for Digital-Enhanced Individualized Practice (CODIP)<\/em> (in cooperation with Prof. Dr. M. Ahlers, Prof. Dr. P. Kuhl, Prof. Dr. D. Lehr, Prof. Dr. A. Neumann, Prof. Dr. T. Schmidt, Prof. Dr. J. S\u00fc\u00dfenbach). Funded by the Bundesministerium fu\u0308r Bildung und Forschung as part of the project <em>Qualit\u00e4tsoffensive Lehrerbildung<\/em>.<\/p>\n<p>*<em>DIAKOM (2017-2020).<\/em> Principal researcher within the research project <em>Fachdidaktisches Wissen f\u00fcr die Diagnose von Sch\u00fclerdenken und Sch\u00fclerfehlern beim mathematischen Modellieren. Entwicklung und Validieren eines Paper-Pencil-Tests<\/em> (in cooperation with Prof. Dr. M. Wirtz). Funded by the Ministerium f\u00fcr Wissenschaft, Forschung und Kunst Baden-W\u00fcrttemberg as part of the Forschungs- und Nachwuchskollegs DIAKOM: <em>Diagnostische Kompetenz von Lehrkr\u00e4ften: Einfl\u00fcsse, Struktur, F\u00f6rderung.<\/em> (Spokesman: Prof. Dr. T. Leuders, Prof. Dr. T. D\u00f6rfler).<\/p>\n<p>*<em>I-BALL (2016-2019).<\/em> Principal researcher within the research project <em>Lehreinheiten Basiskompetenzen Inklusion in den Fachdidaktiken<\/em> (in cooperation with Prof. Dr. S. Abels, Prof. Dr. D. Leiss, Prof. Dr. T. Schmidt, Prof. Dr. J. S\u00fc\u00dfenbach). Funded by the Nieders\u00e4chsische Ministerium f\u00fcr Wissenschaft und Kultur as part of the project I-BALL: <em>Inkludierende Basiskompetenzen als Querschnittsaufgabe der Lehrerbildung f\u00f6rdern<\/em> (in cooperation with Prof. Dr. A. Neumann).<\/p>\n<p>*<em>INNOVATION PLUS (2019-2020).<\/em> Principal researcher within the project <em>Realit\u00e4tsbez\u00fcge im Mathematikunterricht<\/em>. Funded by the Nieders\u00e4chsische Ministerium f\u00fcr Wissenschaft und Kultur as part of the project INNOVATION PLUS within the Hochschulpakt 2020.<\/p>\n<p>*<em>INNOVATION PLUS (2023-2024).<\/em> Principal researcher within the project <em>Tempolimit, W\u00e4rmepumpe, Elektroauto &#8212; Nachhaltigkeit mathematisch modellieren<\/em> (in cooperation with Dr. R. G\u00f6ller, Prof. Dr. K. Padberg-Gehle; external cooperation with Dr. M. Hagena). Funded by the Nieders\u00e4chsische Ministerium f\u00fcr Wissenschaft und Kultur as part of the project INNOVATION PLUS within the Hochschulpakt 2020.<\/p>\n<p>*<em>LERNRAUM MATHEMATIK (2018-2019).<\/em> Principal researcher within the research project <em>Lernraum Mathematik<\/em> (in cooperation with Prof. Dr. K. Padberg-Gehle, D. F. Weiher). Funded by the Bundesministerium f\u00fcr Bildung unf Forschung as part of the project <em>Leuphana&#8230; auf dem Weg!<\/em> of the Leuphana University of Lueneburg.<\/p>\n<p><em>LEVEL.<\/em> Research assistant within the research project LEVEL: <em>Lernentwicklungsverl\u00e4ufe im Lehramtsstudium<\/em> (Prof. Dr. T. Ehmke, Prof. Dr. D. Leiss).<\/p>\n<p><em>MathKT.<\/em> Research assistant within the research project MathKT: <em>Revision des Verfahrens mathematischer Kenntniss- und Wissenstests<\/em>. Funded by the Bundesministerium der Verteidigung (Prof. Dr A. Frey, Prof. Dr D. Leiss).<\/p>\n<p><em>MUS.<\/em> Research assistant within the research project MUS: <em>Mathematik und Sprache<\/em> (Prof. Dr H. Linneweber-Lammerskitten, Prof. Dr D. Leiss).<\/p>\n<p>*<em>PROKOM (2017-2018).<\/em> Principal researcher within the research project <em>Professionelle Kompetenzen angehender Mathematik-Lehrkr\u00e4fte in der universit\u00e4ren Lehrerausbildung empirisch erfassen und beschreiben<\/em> (in cooperation with Prof. Dr. T. Ehmke). Funded by the Research Service of the Leuphana University of Lueneburg.<\/p>\n<p><em>RAS.<\/em> Research assistant within the research project RAS: <em>Recruiting, Assessment, Support<\/em> (Prof. Dr. M. Prenzel, Prof. Dr. K. Reiss). Funded by the Deutsche Telekom Stiftung as part of the project &#8220;MINT-Lehrerbildung II&#8221;.<\/p>\n<p><em>VELM-8.<\/em> Research assistant within the research project VELM-8: <em>Verbesserung der Effektivit\u00e4t der Lernstandserhebungen Mathematik.<\/em> (Prof. Dr W. Blum).<\/p>\n<p>*<em>ZZL-Netzwerk (2019-2023).<\/em> Principal researcher within the research project <em>Theorie-Praxis-Verzahnung im ZZL-Netzwerk<\/em> (in cooperation with Prof. Dr. T. Ehmke, Prof. Dr. M. Kleinknecht, Prof. Dr. D. Leiss, Prof. Dr. T. Schmidt, Prof. Dr. J. Su\u0308\u00dfenbach, Prof. Dr. S. Weinhold). Funded by the Bundesministerium fu\u0308r Bildung und Forschung as part of the project <em>Qualit\u00e4tsoffensive Lehrerbildung<\/em>. <\/p>\n<hr \/>\n<p><strong>EDUCATIONAL ADMINISTRATION<\/strong><br \/>\n<em>BISTA (2009-2013).<\/em> Research assistant for developing, reviewing and piloting mathematical tasks testing students within the context of evaluating national standards in mathematics in Germany.<\/p>\n<p><em>COMBASTImath (2014-2015).<\/em> Research assistant for developing mathematical tasks testing students within the context of evaluating national standards in mathematics in Switzerland.<\/p>\n<p><em>DMV, GDM, MNU (2022-today).<\/em> Scientific member of the &#8220;Mathematics-Commission Transition School-University&#8221; of <em>DMV, GDM and MNU<\/em>.<\/p>\n<p><em>NEPS (2012).<\/em> Review of mathematical test items within the research project NEPS: <em>Nationales Bildungspanel<\/em>.<\/p>\n<p><em>NKM (2021).<\/em> Scientific support of the development process for the creation of &#8220;exemplary learning tasks&#8221; in the context of the illustration of educational objectives of the core curricula for the secondary levels of the Ministry of Education of Lower Saxony.<\/p>\n<p><em>PISA 2012 (2009-2012).<\/em> Research assistant for developing, reviewing and piloting mathematical tasks testing students within the context of the Program for International Student Assessment: Member of the <em>PISA 2012 Mathematics Test Developer Group<\/em>.<\/p>\n<p><em>PISA 2021 (2018-21).<\/em> Review of the &#8220;Mathematics Framework&#8221; within the context of the Program for International Student Assessment: Member of the <em>PISA 2021 Extended Mathematics Expert Group<\/em>. Developed framework: <a href=\"https:\/\/www.oecd.org\/pisa\/sitedocument\/PISA-2021-mathematics-framework.pdf\">https:\/\/www.oecd.org\/pisa\/sitedocument\/PISA-2021-mathematics-framework.pdf.<\/a><\/p>\n<p><em>UNESCO (2023-2024).<\/em> UNESCO ESD actor as part of the scientific activities in the project <em>Tempolimit, W\u00e4rmepumpe, Elektroauto &#8212; Nachhaltigkeit mathematisch modellieren<\/em> of the Lower Saxony Ministry of Science and Culture. <a href=\"https:\/\/www.unesco.de\/bildung\/bne-akteure\/tempolimit-waermepumpe-elektroauto-nachhaltigkeit-mathematisch-modellieren\">https:\/\/www.unesco.de\/bildung\/bne-akteure\/tempolimit-waermepumpe-elektroauto-nachhaltigkeit-mathematisch-modellieren.<\/a> <\/p>\n<p><em>WR (2021-2023).<\/em> Scientific member of the working group &#8220;Evaluation of teacher training in mathematics&#8221; of the Tertiary Education Section of the <em>German Council of Science and Humanities<\/em>. Developed recommendation: <a href=\"https:\/\/doi.org\/10.57674\/7epf-fp50\">https:\/\/doi.org\/10.57674\/7epf-fp50<\/a>  <\/p>\n<hr \/>\n<p><strong>EDUCATIONAL CENTRES<\/strong><br \/>\n<em>DGLB (2023-2026).<\/em> Member of a working group for the foundation of the <em>Deutschen Gesellschaft f\u00fcr Lehrkr\u00e4ftebildung<\/em>.<\/p>\n<p><em>FACE (2015-2016).<\/em> Member of the <em>Freiburg Advanced Center of Education<\/em> at the University of Freiburg and the University of Education Freiburg.<\/p>\n<p><em>ZELL (2012-2013).<\/em> Member of the <em>Centre for Empirical Research on Teaching and Learning<\/em> at the University of Kassel.<\/p>\n<p><em>ZZL (2013-today).<\/em> Member (since 2013) of member of the board (since 2021) of the <em>Zukunftszentrum Lehrkr\u00e4ftebildung<\/em> at the Leuphana University of Lueneburg.<\/p>\n<hr \/>\n<p><strong>CONFERENCES<\/strong><br \/>\n<em>DIGITAL (2022).<\/em> Organiser of the workshop &#8220;Digital teaching and learning in subject-specific education: current developments, objects and processes&#8221; for teacher training universities in Lower Saxony (with participating universities from Braunschweig, Hanover, L\u00fcneburg and Vechta) as part of the &#8220;Qualit\u00e4tsoffensive Lehrerbildung&#8221;, funded by the BMBF (together with Prof. Dr. M. Ahlers, Prof. Dr. P. Kuhl, Dr. C. Herzog).  <\/p>\n<p><em>DIK (2018).<\/em> Organiser of the lecture series <em>The Inclusive Classroom<\/em> at the Leuphana University of Lueneburg as part of the project I-Ball. Presenting researchers (inter alia): Prof. Rolf Werning, Prof. Ingrid Gogolin, Prof. Susanne Prediger.<\/p>\n<p><em>DMV, GDM, MNU (2025). <\/em>Organiser of the conference <em>Studierf\u00e4higkeit entwickeln \u2013 Was k\u00f6nnen Schule, Hochschule und Politik im Bereich Mathematik dazu beitragen? [Developing the ability to study &#8211; What can schools, universities and politics contribute in the field of mathematics]<\/em> as a member of the joint mathematics commission \u2018Transition from school to university\u2019 of DMV, GDM and MNU in Hanover (2025).<\/p>\n<p><em>ETE II (2016).<\/em> Member of the board of &#8220;Early Career Researchers\u2019 Day&#8221; as part of the <em>2nd Conference on International Approaches to Scaling-Up Professional Development in Maths and Science Education (Educating the Educators)<\/em> in Freiburg.<\/p>\n<p><em>GDM (2019-2022).<\/em> Member of the programme committee of the <em>GDM-Tagungen (Gesellschaft fuer Didaktik der Mathematik)<\/em> in Wuerzburg, Lueneburg and Frankfurt\/ Main.<\/p>\n<p><em>GFD (2017).<\/em> Member of the board of the <em>GFD-Tagung (Gesellschaft f\u00fcr Fachdidaktik)<\/em> in Freiburg.<\/p>\n<p><em>NDH (2024).<\/em> Host of the symposium <em>Sustainable Thinking and Acting as an Educational Goal of Schools<\/em> at Leuphana University ofLueneburg as part of the research and development project INNOVATION PLUS (2023-2024). Presenting participants and researchers (inter alia): Prof. Dr. D. Fischer, Helene Reiner, Dr. Sara Wolf.<\/p>\n<hr \/>\n<p><strong>JOURNALS<\/strong><br \/>\n<em>ZMFP (2019-today).<\/em> Member of the scientific advisory board of the <em>Zeitschrift f\u00fcr Mathematikdidaktik in Forschung und Praxis<\/em>.<\/p>\n<hr \/>\n<p>* <em>Principal Researcher<\/em><\/p>","protected":false},"excerpt":{"rendered":"<p>CURRENT PROJECTS *BNEProMa (2026-2028). Principal researcher within the research project BNEProMa: BNE-Professionalisierung im Fach Mathematik [ESD professionalization in mathematics] (in cooperation witht Prof. Dr. D. Fischer, Ass.-Prof. Dr. R. G\u00f6ller, Prof. Dr. M. Hagena, Prof. Dr. K. Padberg-Gehle, D. Schl\u00fcter). Funded by the Stiftung Innovation in der Hochschule. *LERN-IF (2021-2026). Principal researcher within the research [&hellip;]<\/p>\n","protected":false},"author":1,"featured_media":0,"parent":15,"menu_order":2,"comment_status":"closed","ping_status":"closed","template":"","meta":{"footnotes":""},"class_list":["post-21","page","type-page","status-publish","hentry"],"_links":{"self":[{"href":"https:\/\/michael-besser.com\/en\/wp-json\/wp\/v2\/pages\/21","targetHints":{"allow":["GET"]}}],"collection":[{"href":"https:\/\/michael-besser.com\/en\/wp-json\/wp\/v2\/pages"}],"about":[{"href":"https:\/\/michael-besser.com\/en\/wp-json\/wp\/v2\/types\/page"}],"author":[{"embeddable":true,"href":"https:\/\/michael-besser.com\/en\/wp-json\/wp\/v2\/users\/1"}],"replies":[{"embeddable":true,"href":"https:\/\/michael-besser.com\/en\/wp-json\/wp\/v2\/comments?post=21"}],"version-history":[{"count":85,"href":"https:\/\/michael-besser.com\/en\/wp-json\/wp\/v2\/pages\/21\/revisions"}],"predecessor-version":[{"id":1367,"href":"https:\/\/michael-besser.com\/en\/wp-json\/wp\/v2\/pages\/21\/revisions\/1367"}],"up":[{"embeddable":true,"href":"https:\/\/michael-besser.com\/en\/wp-json\/wp\/v2\/pages\/15"}],"wp:attachment":[{"href":"https:\/\/michael-besser.com\/en\/wp-json\/wp\/v2\/media?parent=21"}],"curies":[{"name":"wp","href":"https:\/\/api.w.org\/{rel}","templated":true}]}}