{"id":178,"date":"2018-06-29T09:38:09","date_gmt":"2018-06-29T09:38:09","guid":{"rendered":"http:\/\/michael-besser.com\/?page_id=178"},"modified":"2026-01-15T10:43:33","modified_gmt":"2026-01-15T10:43:33","slug":"promotionen","status":"publish","type":"page","link":"https:\/\/michael-besser.com\/en\/zur-person\/promotionen\/","title":{"rendered":"PhDs"},"content":{"rendered":"<p><br \/>\n<strong>CURRENT PHD-PORJECTS<\/strong><\/p>\n<p><strong>DOMINIK SCHL\u00dcTER<\/strong><br \/>\nPrincipal supervisor within the PhD of Dominik Schl\u00fcter at the Leuphana University of Lueneburg. Topic of the doctoral project: <em>Authenticity in mathematical modelling items in standardised test situations.<\/em><\/p>\n<p><strong>FYNN T\u00d6LLNER<\/strong><br \/>\nSecond supervisor within the PhD of Fynn T\u00f6llner at the Leuphana University of Lueneburg. Topic of the doctoral project:  <em>The role of feedback as a key component of formative assessment in inclusive mathematics education in secondary school.<\/em><\/p>\n<p><strong>FRIEDERIKE VON KIENITZ<\/strong><br \/>\nrincipal supervisor within the PhD of Friederike von Kienitz at the Leuphana University of Lueneburg. Topic of the doctoral project: <em>Zum Zusammenhang von freier Feedbackwahl und motivationalen sowie kognitiven Merkmalen von Lernenden am Beispiel digital-gest\u00fctzter Lernangebote. [The relationship between free choice of feedback and learners&#8217; motivational and cognitive characteristics using the example of digital learning programmes.]<\/em><\/p>\n<hr>\n<p><strong>COMPLETED (PRINCIPAL SUPERVISOR)<\/strong><\/p>\n<p><strong>LARISSA ALTENBURGER (2024)<\/strong><br \/>\nErstgutachter im Promotionsverfahren von Larissa Altenburger an der Leuphana Universit\u00e4t L\u00fcneburg. Thema des Promotionsvorhabens: <em>Feedback im Kontext digitalen \u00dcbens mathematischer Inhalte am Beispiel der Bruchrechnung \u2013 \u00dcber die Wahrnehmung und Nutzung des Feedbacks einer Lernplattform sowie deren Einfluss auf den Lernerfolg von Siebtkl\u00e4ssler*innen. [Feedback in the context of digital practice of mathematical content using the example of fractions &#8211; On the perception and use of feedback from a learning platform and its influence on students&#8217; learning of seventh-graders.]<\/em><\/p>\n<p><strong>ANNA-KATHARINA POSCHKAMP (2023)<\/strong><br \/>\nPrincipal supervisor within the PhD of Larissa Altenburger at the Leuphana University of Lueneburg. Topic of the doctoral project: <em>Verstehen durch Erkl\u00e4ren: Digitale Medien im (Mathematik-)Unterricht. [Understanding by explaining: Digital Media in (Mathematics) Education.]<\/em><\/p>\n<p><strong>CHAK HIM FUNG (2021)<\/strong><br \/>\nPrincipal supervisor within the PhD of Chak Him Fung at the Education University of Hong Kong and the Leuphana University of Lueneburg. Topic of the doctoral project: <em>How does flipped classroom foster STEM education: Case studies of two innovative teaching and learning apporaches.<\/em><\/p>\n<p><strong>BIANKA TROLL (2021)<\/strong><br \/>\nPrincipal supervisor within the PhD of Bianka Troll at the Leuphana University of Lueneburg. Topic of the doctoral project: <em>Analyse von Unterrichtsprozessen durch Videografie \u2013 Ans\u00e4tze zur Begegnung zentraler Herausforderungen. [Analyzing instructional processes through videography &#8211; approaches to handle key challenges.]<\/em><\/p>\n<hr>\n<p><strong>COMPLETED (CO-SUPERVISOR)<\/strong><\/p>\n<p><strong>VANESSA BR\u00c4UER (2025)<\/strong><br \/>\nThird supervisor within the PhD of Vanessa Br\u00e4uer at the Leuphana University of Lueneburg. Topic of the doctoral project: <em>Skizzenzeichnen als Strategie bei L\u00f6sen geometrischer Modellierungsaufgaben. [Drawing sketches as a strategy for solving geometric modelling tasks.]<\/em><\/p>\n<p><strong>DENISE DEPPING(2024)<\/strong><br \/>\nThird supervisor within the PhD of Denise Depping at the Leuphana University of Lueneburg. Topic of the doctoral project: <em>Entwicklung professioneller Kompetenz bei Lehramtsstudierenden. Untersuchung von Komponenten professinoeller Kompetenz und ihren Zusammenh\u00e4ngen mit Lerngelegenheiten innerhalb und au\u00dferhalb des Lehramtsstudiums. [Development of professional competence in student teachers. Investigating components of professional competence and their interrelationships with learning opportunities within and outside the teacher training programme.]<\/em><\/p>\n<p><strong>ALINA KRISTIN HASE (2024)<\/strong><br \/>\nThird supervisor within the PhD of Denise Depping at the Leuphana University of Lueneburg. Topic of the doctoral project: <em>#VonDatenZuTaten &#8212; Wie Lehrkr\u00e4fte Daten aus digitalen Lernplattformen f\u00fcr ihre Unterrichtsgestaltung nutzen. [#VonDatenZuTaten &#8212; How teachers use data from digital learning platforms for their lesson design.]<\/em><\/p>\n<p><strong>NATALIE HOCK (2020)<\/strong><br \/>\nSecond supervisor within the PhD of Natalie Hock at the University of Kassel. Titel of doctoral thesis: <em>F\u00f6rderung der Fehler-Ursachen-Diagnosekompetenz von Mathematiklehramtsstudierenden. [Supporting mathematics pre-service teachers in building up diagnostic competencies].<\/em><\/p>\n<p><strong>TIMO BECKMANN (2019)<\/strong><br \/>\nThird supervisor within the PhD of Timo Beckmann at the Leuphana University of Lueneburg. Titel of doctoral thesis: <em>Unterst\u00fctzung Studierender durch universit\u00e4re und schulische Lehrkr\u00e4ftebildner\/-innen [Supporting pre-service teachers by university teachers and school teachers].<\/em><\/p>\n<p><strong>NELE FISCHER (2019)<\/strong><br \/>\nSecond supervisor within the PhD of Nele Fischer at the Leuphana University of Lueneburg. Titel of doctoral thesis: <em>\u00dcberzeugungen angehender Lehrkr\u00e4fte zu sprachlich-kultureller Heterogenit\u00e4t in Schule und Unterricht &#8212; Theoretische Struktur, empirische Operationalisierung und Untersuchung der Ver\u00e4nderbarkeit. [Pre-service teachers&#8217; beliefs about linguistic-cultural heterogenity in school and teaching &#8212; Theoretical structure, empirical operationalisation and investigation of changeability].<\/em><\/p>\n<p><strong>ARMIN MARTIN THALMANN (2018)<\/strong><br \/>\nSecond supervisor within the PhD of Armin Martin Thalmann at the University of Education Freiburg. Titel of doctoral thesis: <em>Mathematisches Wissen von Primarlehrpersonen. [Mathematics content knowledge of primary teachers].<\/em><\/p>","protected":false},"excerpt":{"rendered":"<p>CURRENT PHD-PORJECTS DOMINIK SCHL\u00dcTER Principal supervisor within the PhD of Dominik Schl\u00fcter at the Leuphana University of Lueneburg. Topic of the doctoral project: Authenticity in mathematical modelling items in standardised test situations. FYNN T\u00d6LLNER Second supervisor within the PhD of Fynn T\u00f6llner at the Leuphana University of Lueneburg. Topic of the doctoral project: The role [&hellip;]<\/p>\n","protected":false},"author":1,"featured_media":0,"parent":15,"menu_order":10,"comment_status":"closed","ping_status":"closed","template":"","meta":{"footnotes":""},"class_list":["post-178","page","type-page","status-publish","hentry"],"_links":{"self":[{"href":"https:\/\/michael-besser.com\/en\/wp-json\/wp\/v2\/pages\/178","targetHints":{"allow":["GET"]}}],"collection":[{"href":"https:\/\/michael-besser.com\/en\/wp-json\/wp\/v2\/pages"}],"about":[{"href":"https:\/\/michael-besser.com\/en\/wp-json\/wp\/v2\/types\/page"}],"author":[{"embeddable":true,"href":"https:\/\/michael-besser.com\/en\/wp-json\/wp\/v2\/users\/1"}],"replies":[{"embeddable":true,"href":"https:\/\/michael-besser.com\/en\/wp-json\/wp\/v2\/comments?post=178"}],"version-history":[{"count":48,"href":"https:\/\/michael-besser.com\/en\/wp-json\/wp\/v2\/pages\/178\/revisions"}],"predecessor-version":[{"id":1355,"href":"https:\/\/michael-besser.com\/en\/wp-json\/wp\/v2\/pages\/178\/revisions\/1355"}],"up":[{"embeddable":true,"href":"https:\/\/michael-besser.com\/en\/wp-json\/wp\/v2\/pages\/15"}],"wp:attachment":[{"href":"https:\/\/michael-besser.com\/en\/wp-json\/wp\/v2\/media?parent=178"}],"curies":[{"name":"wp","href":"https:\/\/api.w.org\/{rel}","templated":true}]}}